{"id":159,"date":"2018-01-19T15:49:17","date_gmt":"2018-01-19T20:49:17","guid":{"rendered":"https:\/\/mekpro.ca\/\/?page_id=159"},"modified":"2018-06-28T12:40:22","modified_gmt":"2018-06-28T16:40:22","slug":"home","status":"publish","type":"page","link":"https:\/\/mekpro.ca\/en\/","title":{"rendered":"Home"},"content":{"rendered":"<!-- AddThis Advanced Settings generic via filter on the_content --><!-- AddThis Share Buttons generic via filter on the_content -->","protected":false},"excerpt":{"rendered":"<p><!-- AddThis Advanced Settings generic via filter on get_the_excerpt --><!-- AddThis Share Buttons generic via filter on get_the_excerpt --><\/p>\n","protected":false},"author":1,"featured_media":0,"parent":0,"menu_order":0,"comment_status":"closed","ping_status":"closed","template":"page-home.php","meta":{"_acf_changed":false,"footnotes":""},"acf":[],"yoast_head":"<!-- This site is optimized with the Yoast SEO plugin v22.1 - https:\/\/yoast.com\/wordpress\/plugins\/seo\/ -->\n<title>Your truck and trailer service centre network | Mekpro<\/title>\n<meta name=\"description\" content=\"A wide range of original parts and private-label brands. Qualified technicians who are continuously trained. Part and labour warranties honoured in all Mekpro centres. Mekpro centres are located across Qu\u00e9bec and even in Ontario\" \/>\n<meta name=\"robots\" content=\"index, follow, max-snippet:-1, max-image-preview:large, max-video-preview:-1\" \/>\n<link rel=\"canonical\" href=\"https:\/\/mekpro.ca\/en\/\" \/>\n<meta property=\"og:locale\" content=\"en_US\" \/>\n<meta property=\"og:type\" content=\"article\" \/>\n<meta property=\"og:title\" content=\"Your truck and trailer service centre network | Mekpro\" \/>\n<meta property=\"og:description\" content=\"A wide range of original parts and private-label brands. Qualified technicians who are continuously trained. Part and labour warranties honoured in all Mekpro centres. Mekpro centres are located across Qu\u00e9bec and even in Ontario\" \/>\n<meta property=\"og:url\" content=\"https:\/\/mekpro.ca\/en\/\" \/>\n<meta property=\"og:site_name\" content=\"Mekpro | R\u00e9seau d&#039;entretien et r\u00e9paration camions lourds | Partout au Qu\u00e9bec\" \/>\n<meta property=\"article:publisher\" content=\"https:\/\/www.facebook.com\/reseaumekpro\/\" \/>\n<meta property=\"article:modified_time\" content=\"2018-06-28T16:40:22+00:00\" \/>\n<meta name=\"twitter:card\" content=\"summary_large_image\" \/>\n<script type=\"application\/ld+json\" class=\"yoast-schema-graph\">{\"@context\":\"https:\/\/schema.org\",\"@graph\":[{\"@type\":\"WebPage\",\"@id\":\"https:\/\/mekpro.ca\/en\/\",\"url\":\"https:\/\/mekpro.ca\/en\/\",\"name\":\"Your truck and trailer service centre network | Mekpro\",\"isPartOf\":{\"@id\":\"https:\/\/mekpro.ca\/en\/#website\"},\"datePublished\":\"2018-01-19T20:49:17+00:00\",\"dateModified\":\"2018-06-28T16:40:22+00:00\",\"description\":\"A wide range of original parts and private-label brands. Qualified technicians who are continuously trained. Part and labour warranties honoured in all Mekpro centres. Mekpro centres are located across Qu\u00e9bec and even in Ontario\",\"breadcrumb\":{\"@id\":\"https:\/\/mekpro.ca\/en\/#breadcrumb\"},\"inLanguage\":\"en-US\",\"potentialAction\":[{\"@type\":\"ReadAction\",\"target\":[\"https:\/\/mekpro.ca\/en\/\"]}]},{\"@type\":\"BreadcrumbList\",\"@id\":\"https:\/\/mekpro.ca\/en\/#breadcrumb\",\"itemListElement\":[{\"@type\":\"ListItem\",\"position\":1,\"name\":\"Home\",\"item\":\"https:\/\/mekpro.ca\/en\/\"},{\"@type\":\"ListItem\",\"position\":2,\"name\":\"Home\"}]},{\"@type\":\"WebSite\",\"@id\":\"https:\/\/mekpro.ca\/en\/#website\",\"url\":\"https:\/\/mekpro.ca\/en\/\",\"name\":\"Mekpro\",\"description\":\"L&#039;efficacit\u00e9 qui fait du chemin\",\"publisher\":{\"@id\":\"https:\/\/mekpro.ca\/en\/#organization\"},\"potentialAction\":[{\"@type\":\"SearchAction\",\"target\":{\"@type\":\"EntryPoint\",\"urlTemplate\":\"https:\/\/mekpro.ca\/en\/?s={search_term_string}\"},\"query-input\":\"required name=search_term_string\"}],\"inLanguage\":\"en-US\"},{\"@type\":\"Organization\",\"@id\":\"https:\/\/mekpro.ca\/en\/#organization\",\"name\":\"Mekpro\",\"url\":\"https:\/\/mekpro.ca\/en\/\",\"logo\":{\"@type\":\"ImageObject\",\"inLanguage\":\"en-US\",\"@id\":\"https:\/\/mekpro.ca\/en\/#\/schema\/logo\/image\/\",\"url\":\"https:\/\/mekpro.ca\/wp-content\/uploads\/2018\/03\/MEKPRO-final-petit-format.jpg\",\"contentUrl\":\"https:\/\/mekpro.ca\/wp-content\/uploads\/2018\/03\/MEKPRO-final-petit-format.jpg\",\"width\":350,\"height\":280,\"caption\":\"Mekpro\"},\"image\":{\"@id\":\"https:\/\/mekpro.ca\/en\/#\/schema\/logo\/image\/\"},\"sameAs\":[\"https:\/\/www.facebook.com\/reseaumekpro\/\",\"https:\/\/www.linkedin.com\/company\/mekpro\/\"]}]}<\/script>\n<!-- \/ Yoast SEO plugin. -->","yoast_head_json":{"title":"Your truck and trailer service centre network | Mekpro","description":"A wide range of original parts and private-label brands. Qualified technicians who are continuously trained. Part and labour warranties honoured in all Mekpro centres. Mekpro centres are located across Qu\u00e9bec and even in Ontario","robots":{"index":"index","follow":"follow","max-snippet":"max-snippet:-1","max-image-preview":"max-image-preview:large","max-video-preview":"max-video-preview:-1"},"canonical":"https:\/\/mekpro.ca\/en\/","og_locale":"en_US","og_type":"article","og_title":"Your truck and trailer service centre network | Mekpro","og_description":"A wide range of original parts and private-label brands. Qualified technicians who are continuously trained. Part and labour warranties honoured in all Mekpro centres. Mekpro centres are located across Qu\u00e9bec and even in Ontario","og_url":"https:\/\/mekpro.ca\/en\/","og_site_name":"Mekpro | R\u00e9seau d&#039;entretien et r\u00e9paration camions lourds | Partout au Qu\u00e9bec","article_publisher":"https:\/\/www.facebook.com\/reseaumekpro\/","article_modified_time":"2018-06-28T16:40:22+00:00","twitter_card":"summary_large_image","schema":{"@context":"https:\/\/schema.org","@graph":[{"@type":"WebPage","@id":"https:\/\/mekpro.ca\/en\/","url":"https:\/\/mekpro.ca\/en\/","name":"Your truck and trailer service centre network | Mekpro","isPartOf":{"@id":"https:\/\/mekpro.ca\/en\/#website"},"datePublished":"2018-01-19T20:49:17+00:00","dateModified":"2018-06-28T16:40:22+00:00","description":"A wide range of original parts and private-label brands. Qualified technicians who are continuously trained. Part and labour warranties honoured in all Mekpro centres. Mekpro centres are located across Qu\u00e9bec and even in Ontario","breadcrumb":{"@id":"https:\/\/mekpro.ca\/en\/#breadcrumb"},"inLanguage":"en-US","potentialAction":[{"@type":"ReadAction","target":["https:\/\/mekpro.ca\/en\/"]}]},{"@type":"BreadcrumbList","@id":"https:\/\/mekpro.ca\/en\/#breadcrumb","itemListElement":[{"@type":"ListItem","position":1,"name":"Home","item":"https:\/\/mekpro.ca\/en\/"},{"@type":"ListItem","position":2,"name":"Home"}]},{"@type":"WebSite","@id":"https:\/\/mekpro.ca\/en\/#website","url":"https:\/\/mekpro.ca\/en\/","name":"Mekpro","description":"L&#039;efficacit\u00e9 qui fait du chemin","publisher":{"@id":"https:\/\/mekpro.ca\/en\/#organization"},"potentialAction":[{"@type":"SearchAction","target":{"@type":"EntryPoint","urlTemplate":"https:\/\/mekpro.ca\/en\/?s={search_term_string}"},"query-input":"required name=search_term_string"}],"inLanguage":"en-US"},{"@type":"Organization","@id":"https:\/\/mekpro.ca\/en\/#organization","name":"Mekpro","url":"https:\/\/mekpro.ca\/en\/","logo":{"@type":"ImageObject","inLanguage":"en-US","@id":"https:\/\/mekpro.ca\/en\/#\/schema\/logo\/image\/","url":"https:\/\/mekpro.ca\/wp-content\/uploads\/2018\/03\/MEKPRO-final-petit-format.jpg","contentUrl":"https:\/\/mekpro.ca\/wp-content\/uploads\/2018\/03\/MEKPRO-final-petit-format.jpg","width":350,"height":280,"caption":"Mekpro"},"image":{"@id":"https:\/\/mekpro.ca\/en\/#\/schema\/logo\/image\/"},"sameAs":["https:\/\/www.facebook.com\/reseaumekpro\/","https:\/\/www.linkedin.com\/company\/mekpro\/"]}]}},"_links":{"self":[{"href":"https:\/\/mekpro.ca\/en\/wp-json\/wp\/v2\/pages\/159"}],"collection":[{"href":"https:\/\/mekpro.ca\/en\/wp-json\/wp\/v2\/pages"}],"about":[{"href":"https:\/\/mekpro.ca\/en\/wp-json\/wp\/v2\/types\/page"}],"author":[{"embeddable":true,"href":"https:\/\/mekpro.ca\/en\/wp-json\/wp\/v2\/users\/1"}],"replies":[{"embeddable":true,"href":"https:\/\/mekpro.ca\/en\/wp-json\/wp\/v2\/comments?post=159"}],"version-history":[{"count":3,"href":"https:\/\/mekpro.ca\/en\/wp-json\/wp\/v2\/pages\/159\/revisions"}],"predecessor-version":[{"id":575,"href":"https:\/\/mekpro.ca\/en\/wp-json\/wp\/v2\/pages\/159\/revisions\/575"}],"wp:attachment":[{"href":"https:\/\/mekpro.ca\/en\/wp-json\/wp\/v2\/media?parent=159"}],"curies":[{"name":"wp","href":"https:\/\/api.w.org\/{rel}","templated":true}]}}